{"id":167,"date":"2019-05-28T10:50:08","date_gmt":"2019-05-28T10:50:08","guid":{"rendered":"https:\/\/www.addon-akverein.mb-marketing.ch\/?page_id=167"},"modified":"2019-06-06T04:51:26","modified_gmt":"2019-06-06T04:51:26","slug":"qui-sommes-nous","status":"publish","type":"page","link":"https:\/\/www.akverein.org\/fr\/qui-sommes-nous\/","title":{"rendered":"Qui sommes nous ?"},"content":{"rendered":"\n<p>L\u2019Afrika Kontakt Verein, en abr\u00e9g\u00e9 AKV ,est une organisation  d\u2019aide au d\u00e9veloppement, sans but lucratif,  fond\u00e9e en 1994, sur l\u2019initiative de Monsieur Gilbert Mbonunu.  Ses activit\u00e9s visent \u00e0 am\u00e9liorer les conditions de vie des  femmes, particuli\u00e8rement des enfants et des jeunes en r\u00e9publique d\u00e9mocratique du Congo.  <\/p>\n\n\n\n<h5 class=\"wp-block-heading\">L\u2019Afrika Kontakt Verein  travaille en partenariat avec l\u2019association locale congolaise  \u00ab Kivuvu Espoir \u00bb.<\/h5>\n\n\n\n<p>Ses deux domaines d\u2019activit\u00e9s sont&nbsp;:<\/p>\n\n\n\n<ul class=\"wp-block-list\"><li>L&rsquo;\u00e9ducation<\/li><li>La formation<\/li><\/ul>\n\n\n\n<figure class=\"wp-block-image\"><img loading=\"lazy\" decoding=\"async\" width=\"1024\" height=\"643\" src=\"https:\/\/www.addon-akverein.mb-marketing.ch\/wp-content\/uploads\/2019\/04\/562_neu-1024x643.jpg\" alt=\"\" class=\"wp-image-23\" srcset=\"https:\/\/www.akverein.org\/wp-content\/uploads\/2019\/04\/562_neu.jpg 1024w, https:\/\/www.akverein.org\/wp-content\/uploads\/2019\/04\/562_neu-300x188.jpg 300w, https:\/\/www.akverein.org\/wp-content\/uploads\/2019\/04\/562_neu-768x482.jpg 768w\" sizes=\"auto, (max-width: 1024px) 100vw, 1024px\" \/><\/figure>\n\n\n\n<p>Kivuvu Espoir, en abr\u00e9g\u00e9 \u00ab&nbsp;KES&nbsp;\u00bb est une association locale&nbsp; ASBL , sans but lucratif, fond\u00e9e sur l\u2019initiative du personnel de Kivuvu. Ses activit\u00e9s sont orient\u00e9es, en faveur des enfants vuln\u00e9rables, et des femmes paysannes. KES dirige et coordonne nos activit\u00e9s sur place.<\/p>\n\n\n\n<h5 class=\"wp-block-heading\"><strong>Sensibilisation en Suisse <\/strong><\/h5>\n\n\n\n<figure class=\"wp-block-image\"><img loading=\"lazy\" decoding=\"async\" width=\"1024\" height=\"683\" src=\"https:\/\/www.addon-akverein.mb-marketing.ch\/wp-content\/uploads\/2019\/04\/Sensibilisierung_neu-1024x683.jpg\" alt=\"\" class=\"wp-image-24\" srcset=\"https:\/\/www.akverein.org\/wp-content\/uploads\/2019\/04\/Sensibilisierung_neu.jpg 1024w, https:\/\/www.akverein.org\/wp-content\/uploads\/2019\/04\/Sensibilisierung_neu-300x200.jpg 300w, https:\/\/www.akverein.org\/wp-content\/uploads\/2019\/04\/Sensibilisierung_neu-768x512.jpg 768w\" sizes=\"auto, (max-width: 1024px) 100vw, 1024px\" \/><\/figure>\n\n\n\n<p> Nous pr\u00e9sentons nos projets dans les \u00e9coles, \u00e9glises, communes , et organisons diverses actions de collecte de fonds. Voulez-vous organiser un \u00e9v\u00e9nement dans votre paroisse, \u00e9cole ou lieu de travail&nbsp;?&nbsp; <\/p>\n\n\n\n<p>Merci de contacter, Gilbert Mbonunu&nbsp;:&nbsp; T\u00e9l. 044&nbsp;796 23 39 ou E-mail&nbsp;: info@akverein.org <\/p>\n","protected":false},"excerpt":{"rendered":"<p>L\u2019Afrika Kontakt Verein, en abr\u00e9g\u00e9 AKV ,est une organisation d\u2019aide au d\u00e9veloppement, sans but lucratif, fond\u00e9e en 1994, sur l\u2019initiative de Monsieur Gilbert Mbonunu. Ses activit\u00e9s visent \u00e0 am\u00e9liorer les conditions de vie des femmes, particuli\u00e8rement des enfants et des jeunes en r\u00e9publique d\u00e9mocratique du Congo. L\u2019Afrika Kontakt Verein travaille en partenariat avec l\u2019association locale [&hellip;]<\/p>\n","protected":false},"author":1,"featured_media":0,"parent":0,"menu_order":0,"comment_status":"closed","ping_status":"closed","template":"","meta":{"footnotes":""},"class_list":["post-167","page","type-page","status-publish","czr-hentry"],"_links":{"self":[{"href":"https:\/\/www.akverein.org\/fr\/wp-json\/wp\/v2\/pages\/167","targetHints":{"allow":["GET"]}}],"collection":[{"href":"https:\/\/www.akverein.org\/fr\/wp-json\/wp\/v2\/pages"}],"about":[{"href":"https:\/\/www.akverein.org\/fr\/wp-json\/wp\/v2\/types\/page"}],"author":[{"embeddable":true,"href":"https:\/\/www.akverein.org\/fr\/wp-json\/wp\/v2\/users\/1"}],"replies":[{"embeddable":true,"href":"https:\/\/www.akverein.org\/fr\/wp-json\/wp\/v2\/comments?post=167"}],"version-history":[{"count":9,"href":"https:\/\/www.akverein.org\/fr\/wp-json\/wp\/v2\/pages\/167\/revisions"}],"predecessor-version":[{"id":272,"href":"https:\/\/www.akverein.org\/fr\/wp-json\/wp\/v2\/pages\/167\/revisions\/272"}],"wp:attachment":[{"href":"https:\/\/www.akverein.org\/fr\/wp-json\/wp\/v2\/media?parent=167"}],"curies":[{"name":"wp","href":"https:\/\/api.w.org\/{rel}","templated":true}]}}