{"id":180,"date":"2019-05-28T11:11:01","date_gmt":"2019-05-28T11:11:01","guid":{"rendered":"https:\/\/www.addon-akverein.mb-marketing.ch\/?page_id=180"},"modified":"2019-06-08T10:47:31","modified_gmt":"2019-06-08T10:47:31","slug":"lieu-de-nos-projets","status":"publish","type":"page","link":"https:\/\/www.akverein.org\/fr\/lieu-de-nos-projets\/","title":{"rendered":"Lieu de nos projets"},"content":{"rendered":"\n<div class=\"wp-block-columns has-2-columns is-layout-flex wp-container-core-columns-is-layout-9d6595d7 wp-block-columns-is-layout-flex\">\n<div class=\"wp-block-column is-layout-flow wp-block-column-is-layout-flow\">\n<figure class=\"wp-block-image\"><img loading=\"lazy\" decoding=\"async\" width=\"1024\" height=\"768\" src=\"https:\/\/www.addon-akverein.mb-marketing.ch\/wp-content\/uploads\/2019\/04\/kenekene-1024x768.jpg\" alt=\"\" class=\"wp-image-13\" srcset=\"https:\/\/www.akverein.org\/wp-content\/uploads\/2019\/04\/kenekene.jpg 1024w, https:\/\/www.akverein.org\/wp-content\/uploads\/2019\/04\/kenekene-300x225.jpg 300w, https:\/\/www.akverein.org\/wp-content\/uploads\/2019\/04\/kenekene-768x576.jpg 768w\" sizes=\"auto, (max-width: 1024px) 100vw, 1024px\" \/><\/figure>\n<\/div>\n\n\n\n<div class=\"wp-block-column is-layout-flow wp-block-column-is-layout-flow\">\n<figure class=\"wp-block-image\"><img loading=\"lazy\" decoding=\"async\" width=\"1024\" height=\"768\" src=\"https:\/\/www.addon-akverein.mb-marketing.ch\/wp-content\/uploads\/2019\/04\/00_Fussballspiel.JPG-1024x768.jpeg\" alt=\"\" class=\"wp-image-103\" srcset=\"https:\/\/www.akverein.org\/wp-content\/uploads\/2019\/04\/00_Fussballspiel.JPG.jpeg 1024w, https:\/\/www.akverein.org\/wp-content\/uploads\/2019\/04\/00_Fussballspiel.JPG-300x225.jpeg 300w, https:\/\/www.akverein.org\/wp-content\/uploads\/2019\/04\/00_Fussballspiel.JPG-768x576.jpeg 768w\" sizes=\"auto, (max-width: 1024px) 100vw, 1024px\" \/><\/figure>\n<\/div>\n<\/div>\n\n\n\n<p>Kene Kene, appel\u00e9 commun\u00e9ment&nbsp; kimbala, est un grand village de pr\u00e8s de 3000 habitants dont l\u2019activit\u00e9 principale est le mara\u00eechage. Il est situ\u00e9 \u00e0 environ 30km de la capitale Kinshasa.&nbsp; Ici la population est pauvre, et beaucoup d\u2019enfants, sans encadrement, sont livr\u00e9s, \u00e0 eux-m\u00eames. Gr\u00e2ce \u00e0 l\u2019\u00e9cole Kivuvu, la premi\u00e8re \u00e9cole dans le village, de nombreux enfants sont \u00e9loign\u00e9s de la rue, du milieu de la drogue et de la prostitution.<\/p>\n","protected":false},"excerpt":{"rendered":"<p>Kene Kene, appel\u00e9 commun\u00e9ment&nbsp; kimbala, est un grand village de pr\u00e8s de 3000 habitants dont l\u2019activit\u00e9 principale est le mara\u00eechage. Il est situ\u00e9 \u00e0 environ 30km de la capitale Kinshasa.&nbsp; Ici la population est pauvre, et beaucoup d\u2019enfants, sans encadrement, sont livr\u00e9s, \u00e0 eux-m\u00eames. Gr\u00e2ce \u00e0 l\u2019\u00e9cole Kivuvu, la premi\u00e8re \u00e9cole dans le village, de [&hellip;]<\/p>\n","protected":false},"author":1,"featured_media":0,"parent":0,"menu_order":0,"comment_status":"closed","ping_status":"closed","template":"","meta":{"footnotes":""},"class_list":["post-180","page","type-page","status-publish","czr-hentry"],"_links":{"self":[{"href":"https:\/\/www.akverein.org\/fr\/wp-json\/wp\/v2\/pages\/180","targetHints":{"allow":["GET"]}}],"collection":[{"href":"https:\/\/www.akverein.org\/fr\/wp-json\/wp\/v2\/pages"}],"about":[{"href":"https:\/\/www.akverein.org\/fr\/wp-json\/wp\/v2\/types\/page"}],"author":[{"embeddable":true,"href":"https:\/\/www.akverein.org\/fr\/wp-json\/wp\/v2\/users\/1"}],"replies":[{"embeddable":true,"href":"https:\/\/www.akverein.org\/fr\/wp-json\/wp\/v2\/comments?post=180"}],"version-history":[{"count":4,"href":"https:\/\/www.akverein.org\/fr\/wp-json\/wp\/v2\/pages\/180\/revisions"}],"predecessor-version":[{"id":282,"href":"https:\/\/www.akverein.org\/fr\/wp-json\/wp\/v2\/pages\/180\/revisions\/282"}],"wp:attachment":[{"href":"https:\/\/www.akverein.org\/fr\/wp-json\/wp\/v2\/media?parent=180"}],"curies":[{"name":"wp","href":"https:\/\/api.w.org\/{rel}","templated":true}]}}