{"id":190,"date":"2019-05-28T12:04:11","date_gmt":"2019-05-28T12:04:11","guid":{"rendered":"https:\/\/www.addon-akverein.mb-marketing.ch\/?page_id=190"},"modified":"2022-09-12T04:55:12","modified_gmt":"2022-09-12T04:55:12","slug":"aidez-nous-en-partageant-ensemble-une-autre-vision-daide-au-developpement","status":"publish","type":"page","link":"https:\/\/www.akverein.org\/fr\/","title":{"rendered":"Aidez nous , en  partageant  ensemble , une autre vision d\u2019aide au d\u00e9veloppement."},"content":{"rendered":"\n<h2 class=\"wp-block-heading\"><strong>Aidez nous , en &nbsp;partageant &nbsp;ensemble , une autre vision d\u2019aide au d\u00e9veloppement.<\/strong><\/h2>\n\n\n\n<hr class=\"wp-block-separator has-css-opacity is-style-wide\"\/>\n\n\n\n<div class=\"wp-block-columns has-2-columns is-layout-flex wp-container-core-columns-is-layout-9d6595d7 wp-block-columns-is-layout-flex\">\n<div class=\"wp-block-column is-layout-flow wp-block-column-is-layout-flow\">\n<p>Votre don permet aux enfants, femmes et familles, \u00e0 sortir de la pauvret\u00e9.<\/p>\n\n\n\n<p>Merci de verser votre don sur n\u00f4tre compte postal:<br><strong>Compte postal: 80 6798 6<\/strong><br><strong>IBAN: CH32 0900 0000 8000 6798 6<\/strong><br><strong>Afrika Kontakt Verein<\/strong><br><strong>8713 Uerikon<\/strong><br><strong>Suisse<\/strong><\/p>\n\n\n\n<p><strong>Nous sommes reconnus en tant qu\u2019association d\u2019utilit\u00e9 publique, et sommes ainsi exon\u00e9r\u00e9s d\u2019imp\u00f4ts.<\/strong><\/p>\n\n\n\n<p class=\"has-text-align-left\"><strong>Bulletin de versement QR<\/strong><br>(<a href=\"https:\/\/www.akverein.org\/wp-content\/uploads\/2022\/09\/QR-Code-PostFinance.pdf\" data-type=\"attachment\" data-id=\"496\" target=\"_blank\" rel=\"noreferrer noopener\">A \u00a0t\u00e9l\u00e9charger<\/a>)<\/p>\n<\/div>\n\n\n\n<div class=\"wp-block-column is-layout-flow wp-block-column-is-layout-flow\">\n<figure class=\"wp-block-image\"><img loading=\"lazy\" decoding=\"async\" width=\"279\" height=\"208\" src=\"https:\/\/www.akverein.org\/wp-content\/uploads\/2019\/04\/kongo.jpg\" alt=\"\" class=\"wp-image-88\"\/><\/figure>\n\n\n\n<iframe loading=\"lazy\" src=\"https:\/\/www.google.com\/maps\/embed?pb=!1m18!1m12!1m3!1d8151650.134973032!2d17.195683002453748!3d-3.958905452177899!2m3!1f0!2f0!3f0!3m2!1i1024!2i768!4f13.1!3m3!1m2!1s0x1979facf9a7546bd%3A0x4c63e5eac93f141!2sDemokratische+Republik+Kongo!5e0!3m2!1sde!2sch!4v1556223922374!5m2!1sde!2sch\" width=\"600\" height=\"400\" frameborder=\"0\" style=\"border:0\" allowfullscreen=\"\"><\/iframe>\n<\/div>\n<\/div>\n","protected":false},"excerpt":{"rendered":"<p>Aidez nous , en &nbsp;partageant &nbsp;ensemble , une autre vision d\u2019aide au d\u00e9veloppement. Votre don permet aux enfants, femmes et familles, \u00e0 sortir de la pauvret\u00e9. Merci de verser votre don sur n\u00f4tre compte postal:Compte postal: 80 6798 6IBAN: CH32 0900 0000 8000 6798 6Afrika Kontakt Verein8713 UerikonSuisse Nous sommes reconnus en tant qu\u2019association d\u2019utilit\u00e9 [&hellip;]<\/p>\n","protected":false},"author":1,"featured_media":0,"parent":0,"menu_order":0,"comment_status":"closed","ping_status":"closed","template":"","meta":{"footnotes":""},"class_list":["post-190","page","type-page","status-publish","czr-hentry"],"_links":{"self":[{"href":"https:\/\/www.akverein.org\/fr\/wp-json\/wp\/v2\/pages\/190","targetHints":{"allow":["GET"]}}],"collection":[{"href":"https:\/\/www.akverein.org\/fr\/wp-json\/wp\/v2\/pages"}],"about":[{"href":"https:\/\/www.akverein.org\/fr\/wp-json\/wp\/v2\/types\/page"}],"author":[{"embeddable":true,"href":"https:\/\/www.akverein.org\/fr\/wp-json\/wp\/v2\/users\/1"}],"replies":[{"embeddable":true,"href":"https:\/\/www.akverein.org\/fr\/wp-json\/wp\/v2\/comments?post=190"}],"version-history":[{"count":9,"href":"https:\/\/www.akverein.org\/fr\/wp-json\/wp\/v2\/pages\/190\/revisions"}],"predecessor-version":[{"id":510,"href":"https:\/\/www.akverein.org\/fr\/wp-json\/wp\/v2\/pages\/190\/revisions\/510"}],"wp:attachment":[{"href":"https:\/\/www.akverein.org\/fr\/wp-json\/wp\/v2\/media?parent=190"}],"curies":[{"name":"wp","href":"https:\/\/api.w.org\/{rel}","templated":true}]}}